{"id":8,"date":"2025-03-20T18:45:31","date_gmt":"2025-03-20T18:45:31","guid":{"rendered":"https:\/\/marcasymedios.com\/?page_id=8"},"modified":"2025-04-24T15:50:14","modified_gmt":"2025-04-24T15:50:14","slug":"constructora-de-marcas-y-medios-digitales","status":"publish","type":"page","link":"https:\/\/marcasymedios.com\/","title":{"rendered":"Constructora de Marcas y Medios Digitales"},"content":{"rendered":"\t\t<div data-elementor-type=\"wp-page\" data-elementor-id=\"8\" class=\"elementor elementor-8\" data-elementor-post-type=\"page\">\n\t\t\t\t<div class=\"elementor-element elementor-element-6e3cd8a e-con-full e-flex e-con e-parent\" data-id=\"6e3cd8a\" data-element_type=\"container\" id=\"nosotros\" data-settings=\"{&quot;background_background&quot;:&quot;classic&quot;}\">\n\t\t<div class=\"elementor-element elementor-element-703d26e6 e-con-full e-flex e-con e-child\" data-id=\"703d26e6\" data-element_type=\"container\">\n\t\t\t\t<div class=\"elementor-element elementor-element-4a3df235 elementor-widget elementor-widget-image\" data-id=\"4a3df235\" data-element_type=\"widget\" data-widget_type=\"image.default\">\n\t\t\t\t<div class=\"elementor-widget-container\">\n\t\t\t\t\t\t\t\t\t\t\t\t\t\t\t<img fetchpriority=\"high\" decoding=\"async\" width=\"800\" height=\"651\" src=\"https:\/\/marcasymedios.com\/wp-content\/uploads\/2025\/03\/1024x833.jpg\" class=\"attachment-large size-large wp-image-44\" alt=\"\" srcset=\"https:\/\/marcasymedios.com\/wp-content\/uploads\/2025\/03\/1024x833.jpg 1024w, https:\/\/marcasymedios.com\/wp-content\/uploads\/2025\/03\/1024x833-300x244.jpg 300w, https:\/\/marcasymedios.com\/wp-content\/uploads\/2025\/03\/1024x833-768x625.jpg 768w\" sizes=\"(max-width: 800px) 100vw, 800px\" \/>\t\t\t\t\t\t\t\t\t\t\t\t\t\t\t<\/div>\n\t\t\t\t<\/div>\n\t\t\t\t<\/div>\n\t\t<div class=\"elementor-element elementor-element-6beaad41 e-con-full e-flex e-con e-child\" data-id=\"6beaad41\" data-element_type=\"container\">\n\t\t\t\t<div class=\"elementor-element elementor-element-45d6f052 elementor-widget elementor-widget-heading\" data-id=\"45d6f052\" data-element_type=\"widget\" data-widget_type=\"heading.default\">\n\t\t\t\t<div class=\"elementor-widget-container\">\n\t\t\t\t\t<h1 class=\"elementor-heading-title elementor-size-default\">Qui\u00e9nes Somos<\/h1>\t\t\t\t<\/div>\n\t\t\t\t<\/div>\n\t\t\t\t<div class=\"elementor-element elementor-element-14324e14 elementor-widget elementor-widget-text-editor\" data-id=\"14324e14\" data-element_type=\"widget\" data-widget_type=\"text-editor.default\">\n\t\t\t\t<div class=\"elementor-widget-container\">\n\t\t\t\t\t\t\t\t\t<p data-pm-slice=\"1 1 []\">En <strong>Constructora de Marcas y Medios Digitales<\/strong>, nos especializamos en fomentar el turismo nacional e internacional, ofreciendo servicios estrat\u00e9gicos en publicidad, representaci\u00f3n y comercializaci\u00f3n de experiencias tur\u00edsticas. Nos dedicamos a conectar empresas y viajeros con soluciones innovadoras para la promoci\u00f3n y desarrollo de destinos y servicios tur\u00edsticos.<\/p>\t\t\t\t\t\t\t\t<\/div>\n\t\t\t\t<\/div>\n\t\t\t\t<\/div>\n\t\t\t\t<\/div>\n\t\t<div class=\"elementor-element elementor-element-6dab9835 e-con-full e-flex e-con e-parent\" data-id=\"6dab9835\" data-element_type=\"container\" id=\"servcios\" data-settings=\"{&quot;background_background&quot;:&quot;classic&quot;}\">\n\t\t<div class=\"elementor-element elementor-element-40754da7 e-con-full e-flex e-con e-child\" data-id=\"40754da7\" data-element_type=\"container\">\n\t\t\t\t<div class=\"elementor-element elementor-element-6b97f6e2 elementor-widget elementor-widget-text-editor\" data-id=\"6b97f6e2\" data-element_type=\"widget\" data-widget_type=\"text-editor.default\">\n\t\t\t\t<div class=\"elementor-widget-container\">\n\t\t\t\t\t\t\t\t\t<h3 data-pm-slice=\"1 3 []\">Nuestros Servicios<\/h3><p>Ofrecemos una amplia gama de servicios dentro de la industria del turismo y los medios digitales:<\/p><ul data-spread=\"false\"><li><p><strong>Turismo y Hospitalidad<\/strong>: Representaci\u00f3n y comercializaci\u00f3n de servicios hoteleros, de alimentos y transporte terrestre, a\u00e9reo y mar\u00edtimo.<\/p><\/li><li><p><strong>Agencias y Franquicias<\/strong>: Operaci\u00f3n, administraci\u00f3n y desarrollo de agencias de viajes en M\u00e9xico y el extranjero.<\/p><\/li><\/ul>\t\t\t\t\t\t\t\t<\/div>\n\t\t\t\t<\/div>\n\t\t\t\t<\/div>\n\t\t<div class=\"elementor-element elementor-element-4a20dc33 e-con-full e-flex e-con e-child\" data-id=\"4a20dc33\" data-element_type=\"container\">\n\t\t\t\t<div class=\"elementor-element elementor-element-12ee7cba elementor-widget elementor-widget-image\" data-id=\"12ee7cba\" data-element_type=\"widget\" data-widget_type=\"image.default\">\n\t\t\t\t<div class=\"elementor-widget-container\">\n\t\t\t\t\t\t\t\t\t\t\t\t\t\t\t<img decoding=\"async\" width=\"800\" height=\"403\" src=\"https:\/\/marcasymedios.com\/wp-content\/uploads\/2025\/03\/853x430-3.jpg\" class=\"attachment-large size-large wp-image-48\" alt=\"\" srcset=\"https:\/\/marcasymedios.com\/wp-content\/uploads\/2025\/03\/853x430-3.jpg 853w, https:\/\/marcasymedios.com\/wp-content\/uploads\/2025\/03\/853x430-3-300x151.jpg 300w, https:\/\/marcasymedios.com\/wp-content\/uploads\/2025\/03\/853x430-3-768x387.jpg 768w\" sizes=\"(max-width: 800px) 100vw, 800px\" \/>\t\t\t\t\t\t\t\t\t\t\t\t\t\t\t<\/div>\n\t\t\t\t<\/div>\n\t\t\t\t<\/div>\n\t\t\t\t<\/div>\n\t\t<div class=\"elementor-element elementor-element-42f20847 e-con-full e-flex e-con e-parent\" data-id=\"42f20847\" data-element_type=\"container\" id=\"porque\" data-settings=\"{&quot;background_background&quot;:&quot;classic&quot;}\">\n\t\t<div class=\"elementor-element elementor-element-77a26e5d e-con-full e-flex e-con e-child\" data-id=\"77a26e5d\" data-element_type=\"container\">\n\t\t\t\t<div class=\"elementor-element elementor-element-67b63952 elementor-widget elementor-widget-text-editor\" data-id=\"67b63952\" data-element_type=\"widget\" data-widget_type=\"text-editor.default\">\n\t\t\t\t<div class=\"elementor-widget-container\">\n\t\t\t\t\t\t\t\t\t<ul data-spread=\"false\" data-pm-slice=\"3 3 []\"><li><p><strong>Alianzas Estrat\u00e9gicas<\/strong>: Colaboraci\u00f3n con hoteles, aerol\u00edneas, arrendadoras de autos y otros prestadores de servicios tur\u00edsticos.<\/p><\/li><li><p><strong>Venta y Distribuci\u00f3n<\/strong>: Promoci\u00f3n y venta de boletos para cualquier destino y medio de transporte, as\u00ed como hospedajes en todo el mundo.<\/p><\/li><li><p><strong>Producci\u00f3n Publicitaria<\/strong>: Dise\u00f1o de folletos, carteles, logotipos y material promocional para la industria tur\u00edstica y comercial.<\/p><\/li><li><p><strong>Eventos y Congresos<\/strong>: Planeaci\u00f3n y desarrollo de seminarios, congresos, festivales culturales, art\u00edsticos y tecnol\u00f3gicos a nivel nacional e internacional.<\/p><\/li><\/ul>\t\t\t\t\t\t\t\t<\/div>\n\t\t\t\t<\/div>\n\t\t\t\t<\/div>\n\t\t<div class=\"elementor-element elementor-element-2d541912 e-con-full e-flex e-con e-child\" data-id=\"2d541912\" data-element_type=\"container\">\n\t\t\t\t<div class=\"elementor-element elementor-element-fbe86e5 elementor-widget elementor-widget-image\" data-id=\"fbe86e5\" data-element_type=\"widget\" data-widget_type=\"image.default\">\n\t\t\t\t<div class=\"elementor-widget-container\">\n\t\t\t\t\t\t\t\t\t\t\t\t\t\t\t<img decoding=\"async\" width=\"800\" height=\"403\" src=\"https:\/\/marcasymedios.com\/wp-content\/uploads\/2025\/03\/853x430-2.jpg\" class=\"attachment-large size-large wp-image-52\" alt=\"\" srcset=\"https:\/\/marcasymedios.com\/wp-content\/uploads\/2025\/03\/853x430-2.jpg 853w, https:\/\/marcasymedios.com\/wp-content\/uploads\/2025\/03\/853x430-2-300x151.jpg 300w, https:\/\/marcasymedios.com\/wp-content\/uploads\/2025\/03\/853x430-2-768x387.jpg 768w\" sizes=\"(max-width: 800px) 100vw, 800px\" \/>\t\t\t\t\t\t\t\t\t\t\t\t\t\t\t<\/div>\n\t\t\t\t<\/div>\n\t\t\t\t<\/div>\n\t\t\t\t<\/div>\n\t\t<div class=\"elementor-element elementor-element-646fa331 e-con-full e-flex e-con e-parent\" data-id=\"646fa331\" data-element_type=\"container\" data-settings=\"{&quot;background_background&quot;:&quot;classic&quot;}\">\n\t\t<div class=\"elementor-element elementor-element-6037e9db e-con-full e-flex e-con e-child\" data-id=\"6037e9db\" data-element_type=\"container\">\n\t\t\t\t<div class=\"elementor-element elementor-element-785ffb1c elementor-widget elementor-widget-text-editor\" data-id=\"785ffb1c\" data-element_type=\"widget\" data-widget_type=\"text-editor.default\">\n\t\t\t\t<div class=\"elementor-widget-container\">\n\t\t\t\t\t\t\t\t\t<ul data-spread=\"false\" data-pm-slice=\"3 3 []\"><li><p><strong>Agencias de Viajes<\/strong>: Organizaci\u00f3n y gesti\u00f3n de informaci\u00f3n tur\u00edstica, reservas y venta de paquetes de hospedaje y transporte.<\/p><\/li><li><p><strong>Servicios de Transporte<\/strong>: Coordinaci\u00f3n de transportaci\u00f3n en autobuses tur\u00edsticos, taxis ejecutivos, microbuses, bicicletas y m\u00e1s.<\/p><\/li><li><p><strong>Producci\u00f3n y Log\u00edstica de Eventos<\/strong>: Organizaci\u00f3n de festivales tur\u00edsticos, culturales y deportivos con una gesti\u00f3n integral de bienes y servicios.<\/p><\/li><li><p><strong>Veh\u00edculos y Movilidad<\/strong>: Adquisici\u00f3n, renta, compra, venta e importaci\u00f3n de veh\u00edculos para uso tur\u00edstico y comercial.<\/p><\/li><\/ul>\t\t\t\t\t\t\t\t<\/div>\n\t\t\t\t<\/div>\n\t\t\t\t<\/div>\n\t\t<div class=\"elementor-element elementor-element-3d6c4ff7 e-con-full e-flex e-con e-child\" data-id=\"3d6c4ff7\" data-element_type=\"container\">\n\t\t\t\t<div class=\"elementor-element elementor-element-9bc257f elementor-widget elementor-widget-image\" data-id=\"9bc257f\" data-element_type=\"widget\" data-widget_type=\"image.default\">\n\t\t\t\t<div class=\"elementor-widget-container\">\n\t\t\t\t\t\t\t\t\t\t\t\t\t\t\t<img loading=\"lazy\" decoding=\"async\" width=\"800\" height=\"403\" src=\"https:\/\/marcasymedios.com\/wp-content\/uploads\/2025\/03\/853x430.jpg\" class=\"attachment-large size-large wp-image-56\" alt=\"\" srcset=\"https:\/\/marcasymedios.com\/wp-content\/uploads\/2025\/03\/853x430.jpg 853w, https:\/\/marcasymedios.com\/wp-content\/uploads\/2025\/03\/853x430-300x151.jpg 300w, https:\/\/marcasymedios.com\/wp-content\/uploads\/2025\/03\/853x430-768x387.jpg 768w\" sizes=\"(max-width: 800px) 100vw, 800px\" \/>\t\t\t\t\t\t\t\t\t\t\t\t\t\t\t<\/div>\n\t\t\t\t<\/div>\n\t\t\t\t<\/div>\n\t\t\t\t<\/div>\n\t\t<div class=\"elementor-element elementor-element-7175a91a e-con-full e-flex e-con e-parent\" data-id=\"7175a91a\" data-element_type=\"container\">\n\t\t\t\t<div class=\"elementor-element elementor-element-196b924a elementor-widget elementor-widget-heading\" data-id=\"196b924a\" data-element_type=\"widget\" data-widget_type=\"heading.default\">\n\t\t\t\t<div class=\"elementor-widget-container\">\n\t\t\t\t\t<h3 class=\"elementor-heading-title elementor-size-default\">Por Qu\u00e9 Elegirnos<\/h3>\t\t\t\t<\/div>\n\t\t\t\t<\/div>\n\t\t<div class=\"elementor-element elementor-element-43a0f8d7 e-con-full e-flex e-con e-child\" data-id=\"43a0f8d7\" data-element_type=\"container\">\n\t\t\t\t<div class=\"elementor-element elementor-element-29e8c3e elementor-widget elementor-widget-text-editor\" data-id=\"29e8c3e\" data-element_type=\"widget\" data-widget_type=\"text-editor.default\">\n\t\t\t\t<div class=\"elementor-widget-container\">\n\t\t\t\t\t\t\t\t\t<ul data-spread=\"false\" data-pm-slice=\"3 3 []\"><li><p><strong>Experiencia en la industria<\/strong>: Amplia trayectoria en el sector tur\u00edstico y medios digitales.<\/p><\/li><li><p><strong>Red de aliados estrat\u00e9gicos<\/strong>: Colaboraci\u00f3n con los mejores proveedores y operadores tur\u00edsticos.<\/p><\/li><li><p><strong>Innovaci\u00f3n en promoci\u00f3n y marketing<\/strong>: Soluciones digitales y estrat\u00e9gicas para la difusi\u00f3n de experiencias y destinos.<\/p><\/li><\/ul>\t\t\t\t\t\t\t\t<\/div>\n\t\t\t\t<\/div>\n\t\t\t\t<\/div>\n\t\t\t\t<\/div>\n\t\t<div class=\"elementor-element elementor-element-88dd2f0 e-flex e-con-boxed e-con e-parent\" data-id=\"88dd2f0\" data-element_type=\"container\" data-settings=\"{&quot;background_background&quot;:&quot;classic&quot;}\">\n\t\t\t\t\t<div class=\"e-con-inner\">\n\t\t\t\t<div class=\"elementor-element elementor-element-3649927f elementor-widget elementor-widget-heading\" data-id=\"3649927f\" data-element_type=\"widget\" data-widget_type=\"heading.default\">\n\t\t\t\t<div class=\"elementor-widget-container\">\n\t\t\t\t\t<h3 class=\"elementor-heading-title elementor-size-default\">Opiniones de Clientes<\/h3>\t\t\t\t<\/div>\n\t\t\t\t<\/div>\n\t\t\t\t\t<\/div>\n\t\t\t\t<\/div>\n\t\t<div class=\"elementor-element elementor-element-06b8078 e-flex e-con-boxed e-con e-parent\" data-id=\"06b8078\" data-element_type=\"container\">\n\t\t\t\t\t<div class=\"e-con-inner\">\n\t\t<div class=\"elementor-element elementor-element-2b12198 e-con-full e-flex e-con e-child\" data-id=\"2b12198\" data-element_type=\"container\">\n\t\t\t\t<div class=\"elementor-element elementor-element-dda8f31 elementor-widget elementor-widget-text-editor\" data-id=\"dda8f31\" data-element_type=\"widget\" data-widget_type=\"text-editor.default\">\n\t\t\t\t<div class=\"elementor-widget-container\">\n\t\t\t\t\t\t\t\t\t<p data-pm-slice=\"1 3 []\">&#8220;Gracias a Constructora de Marcas y Medios Digitales, logramos aumentar la visibilidad de nuestra agencia de viajes. Su profesionalismo y creatividad hicieron la diferencia.&#8221;<\/p><ul data-spread=\"false\"><li><p><strong>Andrea P.<\/strong><\/p><\/li><\/ul>\t\t\t\t\t\t\t\t<\/div>\n\t\t\t\t<\/div>\n\t\t\t\t<\/div>\n\t\t<div class=\"elementor-element elementor-element-e34d519 e-con-full e-flex e-con e-child\" data-id=\"e34d519\" data-element_type=\"container\">\n\t\t\t\t<div class=\"elementor-element elementor-element-c5b1b66 elementor-widget elementor-widget-text-editor\" data-id=\"c5b1b66\" data-element_type=\"widget\" data-widget_type=\"text-editor.default\">\n\t\t\t\t<div class=\"elementor-widget-container\">\n\t\t\t\t\t\t\t\t\t<p data-pm-slice=\"1 3 []\">&#8220;Organizaron nuestro congreso de turismo con una log\u00edstica impecable. Desde la publicidad hasta el evento en s\u00ed, todo fue un \u00e9xito.&#8221;<\/p><ul data-spread=\"false\"><li><p><strong>Roberto G.<\/strong><\/p><\/li><\/ul>\t\t\t\t\t\t\t\t<\/div>\n\t\t\t\t<\/div>\n\t\t\t\t<\/div>\n\t\t<div class=\"elementor-element elementor-element-c9fe2a0 e-con-full e-flex e-con e-child\" data-id=\"c9fe2a0\" data-element_type=\"container\">\n\t\t\t\t<div class=\"elementor-element elementor-element-7fce261 elementor-widget elementor-widget-text-editor\" data-id=\"7fce261\" data-element_type=\"widget\" data-widget_type=\"text-editor.default\">\n\t\t\t\t<div class=\"elementor-widget-container\">\n\t\t\t\t\t\t\t\t\t<p data-pm-slice=\"1 3 []\">&#8220;Su capacidad para conectar marcas con el sector tur\u00edstico es impresionante. Han sido clave en la promoci\u00f3n de nuestros servicios a nivel internacional.&#8221;<\/p><ul data-spread=\"false\"><li><p><strong>Mariana L.<\/strong><\/p><\/li><\/ul>\t\t\t\t\t\t\t\t<\/div>\n\t\t\t\t<\/div>\n\t\t\t\t<\/div>\n\t\t\t\t\t<\/div>\n\t\t\t\t<\/div>\n\t\t\t\t<\/div>\n\t\t","protected":false},"excerpt":{"rendered":"<p>Qui\u00e9nes Somos En Constructora de Marcas y Medios Digitales, nos especializamos en fomentar el turismo nacional e internacional, ofreciendo servicios estrat\u00e9gicos en publicidad, representaci\u00f3n y comercializaci\u00f3n de experiencias tur\u00edsticas. Nos dedicamos a conectar empresas y viajeros con soluciones innovadoras para la promoci\u00f3n y desarrollo de destinos y servicios tur\u00edsticos. Nuestros Servicios Ofrecemos una amplia gama [&hellip;]<\/p>\n","protected":false},"author":1,"featured_media":0,"parent":0,"menu_order":0,"comment_status":"closed","ping_status":"closed","template":"","meta":{"footnotes":""},"class_list":["post-8","page","type-page","status-publish","hentry"],"_links":{"self":[{"href":"https:\/\/marcasymedios.com\/index.php\/wp-json\/wp\/v2\/pages\/8","targetHints":{"allow":["GET"]}}],"collection":[{"href":"https:\/\/marcasymedios.com\/index.php\/wp-json\/wp\/v2\/pages"}],"about":[{"href":"https:\/\/marcasymedios.com\/index.php\/wp-json\/wp\/v2\/types\/page"}],"author":[{"embeddable":true,"href":"https:\/\/marcasymedios.com\/index.php\/wp-json\/wp\/v2\/users\/1"}],"replies":[{"embeddable":true,"href":"https:\/\/marcasymedios.com\/index.php\/wp-json\/wp\/v2\/comments?post=8"}],"version-history":[{"count":34,"href":"https:\/\/marcasymedios.com\/index.php\/wp-json\/wp\/v2\/pages\/8\/revisions"}],"predecessor-version":[{"id":81,"href":"https:\/\/marcasymedios.com\/index.php\/wp-json\/wp\/v2\/pages\/8\/revisions\/81"}],"wp:attachment":[{"href":"https:\/\/marcasymedios.com\/index.php\/wp-json\/wp\/v2\/media?parent=8"}],"curies":[{"name":"wp","href":"https:\/\/api.w.org\/{rel}","templated":true}]}}